{"id":14965,"date":"2021-11-05T13:25:00","date_gmt":"2021-11-05T12:25:00","guid":{"rendered":"https:\/\/www.telecolumbus.com\/press\/corporate-blog\/"},"modified":"2021-11-05T13:26:03","modified_gmt":"2021-11-05T12:26:03","slug":"corporateblog","status":"publish","type":"page","link":"https:\/\/www.telecolumbus.com\/en\/press\/corporateblog\/","title":{"rendered":"Corporate Blog"},"content":{"rendered":"\t\t<div data-elementor-type=\"wp-page\" data-elementor-id=\"14965\" class=\"elementor elementor-14965 elementor-9943\">\n\t\t\t\t\t\t<section class=\"elementor-section elementor-top-section elementor-element elementor-element-5097ec1 elementor-section-boxed elementor-section-height-default elementor-section-height-default\" data-id=\"5097ec1\" data-element_type=\"section\" data-e-type=\"section\">\n\t\t\t\t\t\t<div class=\"elementor-container elementor-column-gap-default\">\n\t\t\t\t\t<div class=\"elementor-column elementor-col-66 elementor-top-column elementor-element elementor-element-1542617\" data-id=\"1542617\" data-element_type=\"column\" data-e-type=\"column\">\n\t\t\t<div class=\"elementor-widget-wrap elementor-element-populated\">\n\t\t\t\t\t\t<div class=\"elementor-element elementor-element-6cc8b66 elementor-widget elementor-widget-heading\" data-id=\"6cc8b66\" data-element_type=\"widget\" data-e-type=\"widget\" data-widget_type=\"heading.default\">\n\t\t\t\t<div class=\"elementor-widget-container\">\n\t\t\t\t\t<h2 class=\"elementor-heading-title elementor-size-default\">Insights aus dem Unternehmen<\/h2>\t\t\t\t<\/div>\n\t\t\t\t<\/div>\n\t\t\t\t<div class=\"elementor-element elementor-element-e3c4f0a elementor-widget elementor-widget-mew-trennlinie\" data-id=\"e3c4f0a\" data-element_type=\"widget\" data-e-type=\"widget\" data-widget_type=\"mew-trennlinie.default\">\n\t\t\t\t<div class=\"elementor-widget-container\">\n\t\t\t\t\t\n\t\t<div class=\"mew-trennlinie\"><\/div>\n\n\t\t\t\t\t\t<\/div>\n\t\t\t\t<\/div>\n\t\t\t\t<div class=\"elementor-element elementor-element-8cbd564 elementor-widget elementor-widget-mew-post-list\" data-id=\"8cbd564\" data-element_type=\"widget\" data-e-type=\"widget\" data-widget_type=\"mew-post-list.default\">\n\t\t\t\t<div class=\"elementor-widget-container\">\n\t\t\t\t\t\t\t    <div class=\"mew-post-list-inner\">\n\t\t\t\t<p>Aktuell gibt es keinen Beitrag zum darstellen.<\/p>\n\t\t    <\/div>\n\t\t\t\t\t\t<\/div>\n\t\t\t\t<\/div>\n\t\t\t\t<div class=\"elementor-element elementor-element-dad810d elementor-widget elementor-widget-mew-button\" data-id=\"dad810d\" data-element_type=\"widget\" data-e-type=\"widget\" data-widget_type=\"mew-button.default\">\n\t\t\t\t<div class=\"elementor-widget-container\">\n\t\t\t\t\t\n\t\t<a class=\"mew-button mew-button-hellblau mew-button-arrow-none\" href=\"https:\/\/www.telecolumbus.com\/kategorie\/corporate-blog\/page\/2\/\" \n\t\t\t\t\ttitle=\"Archiv der Corporate Blog Beitr\u00e4ge\"\n\t\t>\n\t\tZum Archiv\t\t<\/a>\n\n\t\t\t\t\t\t<\/div>\n\t\t\t\t<\/div>\n\t\t\t\t\t<\/div>\n\t\t<\/div>\n\t\t\t\t<div class=\"elementor-column elementor-col-33 elementor-top-column elementor-element elementor-element-4b46b01\" data-id=\"4b46b01\" data-element_type=\"column\" data-e-type=\"column\">\n\t\t\t<div class=\"elementor-widget-wrap elementor-element-populated\">\n\t\t\t\t\t\t<div class=\"elementor-element elementor-element-a5cdd61 elementor-hidden-phone elementor-widget elementor-widget-heading\" data-id=\"a5cdd61\" data-element_type=\"widget\" data-e-type=\"widget\" data-widget_type=\"heading.default\">\n\t\t\t\t<div class=\"elementor-widget-container\">\n\t\t\t\t\t<h3 class=\"elementor-heading-title elementor-size-default\">Navigation<\/h3>\t\t\t\t<\/div>\n\t\t\t\t<\/div>\n\t\t\t\t<div class=\"elementor-element elementor-element-7459d7f elementor-hidden-phone elementor-widget elementor-widget-wp-widget-nav_menu\" data-id=\"7459d7f\" data-element_type=\"widget\" data-e-type=\"widget\" data-widget_type=\"wp-widget-nav_menu.default\">\n\t\t\t\t<div class=\"elementor-widget-container\">\n\t\t\t\t\t<div class=\"menu-submenue-presse-en-container\"><ul id=\"menu-submenue-presse-en\" class=\"menu\"><li id=\"menu-item-15009\" class=\"menu-item menu-item-type-post_type menu-item-object-page menu-item-has-children menu-item-15009\"><a href=\"https:\/\/www.telecolumbus.com\/en\/press\/\">Press<\/a><div class=\"sub-menu-toggle\"><\/div>\n<ul class=\"sub-menu\">\n\t<li id=\"menu-item-15010\" class=\"menu-item menu-item-type-post_type menu-item-object-page menu-item-15010\"><a href=\"https:\/\/www.telecolumbus.com\/en\/press\/newsletter\/\">Newsletter<\/a><\/li>\n\t<li id=\"menu-item-15011\" class=\"menu-item menu-item-type-post_type menu-item-object-page menu-item-15011\"><a href=\"https:\/\/www.telecolumbus.com\/en\/press\/presscontacts\/\">Press contacts<\/a><\/li>\n<\/ul>\n<\/li>\n<\/ul><\/div>\t\t\t\t<\/div>\n\t\t\t\t<\/div>\n\t\t\t\t<section class=\"elementor-section elementor-inner-section elementor-element elementor-element-704e575 elementor-section-boxed elementor-section-height-default elementor-section-height-default\" data-id=\"704e575\" data-element_type=\"section\" data-e-type=\"section\" data-settings=\"{&quot;background_background&quot;:&quot;classic&quot;}\">\n\t\t\t\t\t\t<div class=\"elementor-container elementor-column-gap-default\">\n\t\t\t\t\t<div class=\"elementor-column elementor-col-100 elementor-inner-column elementor-element elementor-element-4bf213f\" data-id=\"4bf213f\" data-element_type=\"column\" data-e-type=\"column\">\n\t\t\t<div class=\"elementor-widget-wrap elementor-element-populated\">\n\t\t\t\t\t\t<div class=\"elementor-element elementor-element-1c6c7e4 elementor-widget elementor-widget-heading\" data-id=\"1c6c7e4\" data-element_type=\"widget\" data-e-type=\"widget\" data-widget_type=\"heading.default\">\n\t\t\t\t<div class=\"elementor-widget-container\">\n\t\t\t\t\t<h3 class=\"elementor-heading-title elementor-size-default\">Presseverteiler<\/h3>\t\t\t\t<\/div>\n\t\t\t\t<\/div>\n\t\t\t\t<div class=\"elementor-element elementor-element-05ef90a elementor-widget elementor-widget-text-editor\" data-id=\"05ef90a\" data-element_type=\"widget\" data-e-type=\"widget\" data-widget_type=\"text-editor.default\">\n\t\t\t\t<div class=\"elementor-widget-container\">\n\t\t\t\t\t\t\t\t\t<p>Bleiben Sie auf dem Laufenden<\/p>\n\t\t\t\t\t\t\t\t<\/div>\n\t\t\t\t<\/div>\n\t\t\t\t<div class=\"elementor-element elementor-element-86efeb3 elementor-widget elementor-widget-mew-button\" data-id=\"86efeb3\" data-element_type=\"widget\" data-e-type=\"widget\" data-widget_type=\"mew-button.default\">\n\t\t\t\t<div class=\"elementor-widget-container\">\n\t\t\t\t\t\n\t\t<a class=\"mew-button mew-button-hellblau mew-button-arrow-none\" href=\"https:\/\/www.telecolumbus.com\/presse\/presseverteiler\/\" \n\t\t>\n\t\tJetzt anmelden\t\t<\/a>\n\n\t\t\t\t\t\t<\/div>\n\t\t\t\t<\/div>\n\t\t\t\t\t<\/div>\n\t\t<\/div>\n\t\t\t\t\t<\/div>\n\t\t<\/section>\n\t\t\t\t\t<\/div>\n\t\t<\/div>\n\t\t\t\t\t<\/div>\n\t\t<\/section>\n\t\t\t\t<section class=\"elementor-section elementor-top-section elementor-element elementor-element-e40cf26 elementor-section-boxed elementor-section-height-default elementor-section-height-default\" data-id=\"e40cf26\" data-element_type=\"section\" data-e-type=\"section\">\n\t\t\t\t\t\t<div class=\"elementor-container elementor-column-gap-default\">\n\t\t\t\t\t<div class=\"elementor-column elementor-col-50 elementor-top-column elementor-element elementor-element-bfaec12\" data-id=\"bfaec12\" data-element_type=\"column\" data-e-type=\"column\">\n\t\t\t<div class=\"elementor-widget-wrap elementor-element-populated\">\n\t\t\t\t\t\t<div class=\"elementor-element elementor-element-721b4f5 elementor-widget elementor-widget-mew-linkbox\" data-id=\"721b4f5\" data-element_type=\"widget\" data-e-type=\"widget\" data-widget_type=\"mew-linkbox.default\">\n\t\t\t\t<div class=\"elementor-widget-container\">\n\t\t\t\t\t\n\t\t<a class=\"mew-linkbox\" href=\"https:\/\/www.telecolumbus.com\/presse\/pressekontakte\/\"\n\t\t\t\t\t>\n\t\t\t<div class=\"mew-linkbox-inner\"><span>Presse Kontakt<\/span><\/div>\n\t\t<\/a>\n\n\t\t\t\t\t\t<\/div>\n\t\t\t\t<\/div>\n\t\t\t\t\t<\/div>\n\t\t<\/div>\n\t\t\t\t<div class=\"elementor-column elementor-col-50 elementor-top-column elementor-element elementor-element-61f4787\" data-id=\"61f4787\" data-element_type=\"column\" data-e-type=\"column\">\n\t\t\t<div class=\"elementor-widget-wrap elementor-element-populated\">\n\t\t\t\t\t\t<div class=\"elementor-element elementor-element-8eba52a elementor-widget elementor-widget-mew-linkbox\" data-id=\"8eba52a\" data-element_type=\"widget\" data-e-type=\"widget\" data-widget_type=\"mew-linkbox.default\">\n\t\t\t\t<div class=\"elementor-widget-container\">\n\t\t\t\t\t\n\t\t<a class=\"mew-linkbox\" href=\"https:\/\/www.telecolumbus.com\/unternehmen\/\"\n\t\t\t\t\t>\n\t\t\t<div class=\"mew-linkbox-inner\"><span>Unternehmen<\/span><\/div>\n\t\t<\/a>\n\n\t\t\t\t\t\t<\/div>\n\t\t\t\t<\/div>\n\t\t\t\t\t<\/div>\n\t\t<\/div>\n\t\t\t\t\t<\/div>\n\t\t<\/section>\n\t\t\t\t<section class=\"elementor-section elementor-top-section elementor-element elementor-element-de9c26e elementor-section-stretched elementor-section-boxed elementor-section-height-default elementor-section-height-default\" data-id=\"de9c26e\" data-element_type=\"section\" data-e-type=\"section\" data-settings=\"{&quot;stretch_section&quot;:&quot;section-stretched&quot;,&quot;background_background&quot;:&quot;classic&quot;}\">\n\t\t\t\t\t\t<div class=\"elementor-container elementor-column-gap-default\">\n\t\t\t\t\t<div class=\"elementor-column elementor-col-100 elementor-top-column elementor-element elementor-element-45b52b9\" data-id=\"45b52b9\" data-element_type=\"column\" data-e-type=\"column\">\n\t\t\t<div class=\"elementor-widget-wrap\">\n\t\t\t\t\t\t\t<\/div>\n\t\t<\/div>\n\t\t\t\t\t<\/div>\n\t\t<\/section>\n\t\t\t\t<\/div>\n\t\t","protected":false},"excerpt":{"rendered":"<p>Insights aus dem Unternehmen 29.10.2021 Corporate Blog Weiterbildung wird bei uns gro\u00dfgeschrieben 19.10.2021 Corporate Blog P\u0178UR f\u00fcr digitale Servicequalit\u00e4t ausgezeichnet 07.10.2021 Corporate Blog \u201eSchulterblick\u201c er\u00f6ffnet Einblicke innerhalb des Unternehmens 24.09.2021 Corporate Blog Auf geht\u2019s ins neue Lehrjahr 13.09.2021 Corporate Blog P\u0178UR Kinderland mit B\u00e4llebad-Premiere 07.09.2021 Corporate Blog Nur privatwirtschaftliche Investition f\u00fchrt in die Gigabitgesellschaft 03.09.2021 [&hellip;]<\/p>\n","protected":false},"author":2,"featured_media":9909,"parent":12450,"menu_order":0,"comment_status":"closed","ping_status":"closed","template":"","meta":{"_acf_changed":false,"footnotes":""},"class_list":["post-14965","page","type-page","status-publish","has-post-thumbnail","hentry"],"acf":[],"yoast_head":"<!-- This site is optimized with the Yoast SEO plugin v27.1.1 - https:\/\/yoast.com\/product\/yoast-seo-wordpress\/ -->\n<title>Corporate Blog &#8211; Tele Columbus AG<\/title>\n<meta name=\"description\" content=\"Hier finden Sie aktuelle Corporate Blog Mitteilungen der Tele Columbus AG.\" \/>\n<meta name=\"robots\" content=\"index, follow, max-snippet:-1, max-image-preview:large, max-video-preview:-1\" \/>\n<link rel=\"canonical\" href=\"https:\/\/www.telecolumbus.com\/en\/press\/corporateblog\/\" \/>\n<meta property=\"og:locale\" content=\"en_US\" \/>\n<meta property=\"og:type\" content=\"article\" \/>\n<meta property=\"og:title\" content=\"Corporate Blog &#8211; Tele Columbus AG\" \/>\n<meta property=\"og:description\" content=\"Hier finden Sie aktuelle Corporate Blog Mitteilungen der Tele Columbus AG.\" \/>\n<meta property=\"og:url\" content=\"https:\/\/www.telecolumbus.com\/en\/press\/corporateblog\/\" \/>\n<meta property=\"og:site_name\" content=\"Tele Columbus AG\" \/>\n<meta property=\"article:modified_time\" content=\"2021-11-05T12:26:03+00:00\" \/>\n<meta property=\"og:image\" content=\"https:\/\/www.telecolumbus.com\/wp-content\/uploads\/2021\/10\/tele-columbus-pool17.jpg\" \/>\n\t<meta property=\"og:image:width\" content=\"1800\" \/>\n\t<meta property=\"og:image:height\" content=\"1350\" \/>\n\t<meta property=\"og:image:type\" content=\"image\/jpeg\" \/>\n<meta name=\"twitter:card\" content=\"summary_large_image\" \/>\n<meta name=\"twitter:label1\" content=\"Est. reading time\" \/>\n\t<meta name=\"twitter:data1\" content=\"3 minutes\" \/>\n<script type=\"application\/ld+json\" class=\"yoast-schema-graph\">{\"@context\":\"https:\/\/schema.org\",\"@graph\":[{\"@type\":\"WebPage\",\"@id\":\"https:\/\/www.telecolumbus.com\/en\/press\/corporateblog\/\",\"url\":\"https:\/\/www.telecolumbus.com\/en\/press\/corporateblog\/\",\"name\":\"Corporate Blog &#8211; Tele Columbus AG\",\"isPartOf\":{\"@id\":\"https:\/\/www.telecolumbus.com\/#website\"},\"primaryImageOfPage\":{\"@id\":\"https:\/\/www.telecolumbus.com\/en\/press\/corporateblog\/#primaryimage\"},\"image\":{\"@id\":\"https:\/\/www.telecolumbus.com\/en\/press\/corporateblog\/#primaryimage\"},\"thumbnailUrl\":\"https:\/\/www.telecolumbus.com\/wp-content\/uploads\/2021\/10\/tele-columbus-pool17.jpg\",\"datePublished\":\"2021-11-05T12:25:00+00:00\",\"dateModified\":\"2021-11-05T12:26:03+00:00\",\"description\":\"Hier finden Sie aktuelle Corporate Blog Mitteilungen der Tele Columbus AG.\",\"breadcrumb\":{\"@id\":\"https:\/\/www.telecolumbus.com\/en\/press\/corporateblog\/#breadcrumb\"},\"inLanguage\":\"en-US\",\"potentialAction\":[{\"@type\":\"ReadAction\",\"target\":[\"https:\/\/www.telecolumbus.com\/en\/press\/corporateblog\/\"]}]},{\"@type\":\"ImageObject\",\"inLanguage\":\"en-US\",\"@id\":\"https:\/\/www.telecolumbus.com\/en\/press\/corporateblog\/#primaryimage\",\"url\":\"https:\/\/www.telecolumbus.com\/wp-content\/uploads\/2021\/10\/tele-columbus-pool17.jpg\",\"contentUrl\":\"https:\/\/www.telecolumbus.com\/wp-content\/uploads\/2021\/10\/tele-columbus-pool17.jpg\",\"width\":1800,\"height\":1350},{\"@type\":\"BreadcrumbList\",\"@id\":\"https:\/\/www.telecolumbus.com\/en\/press\/corporateblog\/#breadcrumb\",\"itemListElement\":[{\"@type\":\"ListItem\",\"position\":1,\"name\":\"Home\",\"item\":\"https:\/\/www.telecolumbus.com\/en\/\"},{\"@type\":\"ListItem\",\"position\":2,\"name\":\"Press\",\"item\":\"https:\/\/www.telecolumbus.com\/en\/press\/\"},{\"@type\":\"ListItem\",\"position\":3,\"name\":\"Corporate Blog\"}]},{\"@type\":\"WebSite\",\"@id\":\"https:\/\/www.telecolumbus.com\/#website\",\"url\":\"https:\/\/www.telecolumbus.com\/\",\"name\":\"Tele Columbus AG\",\"description\":\"Highspeed Internet \u2013 TV-Entertainment \u2013 Festnetztelefonie\",\"publisher\":{\"@id\":\"https:\/\/www.telecolumbus.com\/#organization\"},\"potentialAction\":[{\"@type\":\"SearchAction\",\"target\":{\"@type\":\"EntryPoint\",\"urlTemplate\":\"https:\/\/www.telecolumbus.com\/?s={search_term_string}\"},\"query-input\":{\"@type\":\"PropertyValueSpecification\",\"valueRequired\":true,\"valueName\":\"search_term_string\"}}],\"inLanguage\":\"en-US\"},{\"@type\":\"Organization\",\"@id\":\"https:\/\/www.telecolumbus.com\/#organization\",\"name\":\"Tele Columbus AG\",\"url\":\"https:\/\/www.telecolumbus.com\/\",\"logo\":{\"@type\":\"ImageObject\",\"inLanguage\":\"en-US\",\"@id\":\"https:\/\/www.telecolumbus.com\/#\/schema\/logo\/image\/\",\"url\":\"https:\/\/www.telecolumbus.com\/wp-content\/uploads\/2021\/08\/tc-logo.svg\",\"contentUrl\":\"https:\/\/www.telecolumbus.com\/wp-content\/uploads\/2021\/08\/tc-logo.svg\",\"width\":1,\"height\":1,\"caption\":\"Tele Columbus AG\"},\"image\":{\"@id\":\"https:\/\/www.telecolumbus.com\/#\/schema\/logo\/image\/\"}}]}<\/script>\n<!-- \/ Yoast SEO plugin. -->","yoast_head_json":{"title":"Corporate Blog &#8211; Tele Columbus AG","description":"Hier finden Sie aktuelle Corporate Blog Mitteilungen der Tele Columbus AG.","robots":{"index":"index","follow":"follow","max-snippet":"max-snippet:-1","max-image-preview":"max-image-preview:large","max-video-preview":"max-video-preview:-1"},"canonical":"https:\/\/www.telecolumbus.com\/en\/press\/corporateblog\/","og_locale":"en_US","og_type":"article","og_title":"Corporate Blog &#8211; Tele Columbus AG","og_description":"Hier finden Sie aktuelle Corporate Blog Mitteilungen der Tele Columbus AG.","og_url":"https:\/\/www.telecolumbus.com\/en\/press\/corporateblog\/","og_site_name":"Tele Columbus AG","article_modified_time":"2021-11-05T12:26:03+00:00","og_image":[{"width":1800,"height":1350,"url":"https:\/\/www.telecolumbus.com\/wp-content\/uploads\/2021\/10\/tele-columbus-pool17.jpg","type":"image\/jpeg"}],"twitter_card":"summary_large_image","twitter_misc":{"Est. reading time":"3 minutes"},"schema":{"@context":"https:\/\/schema.org","@graph":[{"@type":"WebPage","@id":"https:\/\/www.telecolumbus.com\/en\/press\/corporateblog\/","url":"https:\/\/www.telecolumbus.com\/en\/press\/corporateblog\/","name":"Corporate Blog &#8211; Tele Columbus AG","isPartOf":{"@id":"https:\/\/www.telecolumbus.com\/#website"},"primaryImageOfPage":{"@id":"https:\/\/www.telecolumbus.com\/en\/press\/corporateblog\/#primaryimage"},"image":{"@id":"https:\/\/www.telecolumbus.com\/en\/press\/corporateblog\/#primaryimage"},"thumbnailUrl":"https:\/\/www.telecolumbus.com\/wp-content\/uploads\/2021\/10\/tele-columbus-pool17.jpg","datePublished":"2021-11-05T12:25:00+00:00","dateModified":"2021-11-05T12:26:03+00:00","description":"Hier finden Sie aktuelle Corporate Blog Mitteilungen der Tele Columbus AG.","breadcrumb":{"@id":"https:\/\/www.telecolumbus.com\/en\/press\/corporateblog\/#breadcrumb"},"inLanguage":"en-US","potentialAction":[{"@type":"ReadAction","target":["https:\/\/www.telecolumbus.com\/en\/press\/corporateblog\/"]}]},{"@type":"ImageObject","inLanguage":"en-US","@id":"https:\/\/www.telecolumbus.com\/en\/press\/corporateblog\/#primaryimage","url":"https:\/\/www.telecolumbus.com\/wp-content\/uploads\/2021\/10\/tele-columbus-pool17.jpg","contentUrl":"https:\/\/www.telecolumbus.com\/wp-content\/uploads\/2021\/10\/tele-columbus-pool17.jpg","width":1800,"height":1350},{"@type":"BreadcrumbList","@id":"https:\/\/www.telecolumbus.com\/en\/press\/corporateblog\/#breadcrumb","itemListElement":[{"@type":"ListItem","position":1,"name":"Home","item":"https:\/\/www.telecolumbus.com\/en\/"},{"@type":"ListItem","position":2,"name":"Press","item":"https:\/\/www.telecolumbus.com\/en\/press\/"},{"@type":"ListItem","position":3,"name":"Corporate Blog"}]},{"@type":"WebSite","@id":"https:\/\/www.telecolumbus.com\/#website","url":"https:\/\/www.telecolumbus.com\/","name":"Tele Columbus AG","description":"Highspeed Internet \u2013 TV-Entertainment \u2013 Festnetztelefonie","publisher":{"@id":"https:\/\/www.telecolumbus.com\/#organization"},"potentialAction":[{"@type":"SearchAction","target":{"@type":"EntryPoint","urlTemplate":"https:\/\/www.telecolumbus.com\/?s={search_term_string}"},"query-input":{"@type":"PropertyValueSpecification","valueRequired":true,"valueName":"search_term_string"}}],"inLanguage":"en-US"},{"@type":"Organization","@id":"https:\/\/www.telecolumbus.com\/#organization","name":"Tele Columbus AG","url":"https:\/\/www.telecolumbus.com\/","logo":{"@type":"ImageObject","inLanguage":"en-US","@id":"https:\/\/www.telecolumbus.com\/#\/schema\/logo\/image\/","url":"https:\/\/www.telecolumbus.com\/wp-content\/uploads\/2021\/08\/tc-logo.svg","contentUrl":"https:\/\/www.telecolumbus.com\/wp-content\/uploads\/2021\/08\/tc-logo.svg","width":1,"height":1,"caption":"Tele Columbus AG"},"image":{"@id":"https:\/\/www.telecolumbus.com\/#\/schema\/logo\/image\/"}}]}},"_links":{"self":[{"href":"https:\/\/www.telecolumbus.com\/en\/wp-json\/wp\/v2\/pages\/14965","targetHints":{"allow":["GET"]}}],"collection":[{"href":"https:\/\/www.telecolumbus.com\/en\/wp-json\/wp\/v2\/pages"}],"about":[{"href":"https:\/\/www.telecolumbus.com\/en\/wp-json\/wp\/v2\/types\/page"}],"author":[{"embeddable":true,"href":"https:\/\/www.telecolumbus.com\/en\/wp-json\/wp\/v2\/users\/2"}],"replies":[{"embeddable":true,"href":"https:\/\/www.telecolumbus.com\/en\/wp-json\/wp\/v2\/comments?post=14965"}],"version-history":[{"count":0,"href":"https:\/\/www.telecolumbus.com\/en\/wp-json\/wp\/v2\/pages\/14965\/revisions"}],"up":[{"embeddable":true,"href":"https:\/\/www.telecolumbus.com\/en\/wp-json\/wp\/v2\/pages\/12450"}],"wp:featuredmedia":[{"embeddable":true,"href":"https:\/\/www.telecolumbus.com\/en\/wp-json\/wp\/v2\/media\/9909"}],"wp:attachment":[{"href":"https:\/\/www.telecolumbus.com\/en\/wp-json\/wp\/v2\/media?parent=14965"}],"curies":[{"name":"wp","href":"https:\/\/api.w.org\/{rel}","templated":true}]}}